{"id":10,"date":"2010-05-22T17:50:26","date_gmt":"2010-05-22T15:50:26","guid":{"rendered":"http:\/\/ollmetzer\/?page_id=10"},"modified":"2019-10-05T13:57:58","modified_gmt":"2019-10-05T11:57:58","slug":"browser-rpg","status":"publish","type":"page","link":"https:\/\/www.ollmetzer.com\/?page_id=10","title":{"rendered":"Browser RPG"},"content":{"rendered":"<p><strong>Zeitraum<\/strong><br \/>\n2002 &#8211; 2003<\/p>\n<p><strong>Projekt<\/strong><br \/>\nAusgehend von einem browserbasierten Chatsystem, entwickelte ich zun\u00e4chst eine grafische Erweiterung, die schlie\u00dflich zu einem einfachen multiuserf\u00e4higen Rollenspiel wuchs.<\/p>\n<p><strong>Umsetzung<\/strong><br \/>\nDie Umsetzung des Clients erfolgte in DHTML und der Server wurde in PHP programmiert.<\/p>\n<p><strong>Screenshots<\/strong><\/p>\n<p><a href=\"http:\/\/www.ollmetzer.com\/?attachment_id=1065\" rel=\"attachment wp-att-1065\"><img loading=\"lazy\" decoding=\"async\" class=\"size-full wp-image-1065\" title=\"spiel1\" src=\"http:\/\/www.ollmetzer.com\/wp-content\/uploads\/projekte\/dungeon\/spiel1.gif\" alt=\"screenshot farm\" width=\"509\" height=\"378\" \/><\/a><\/p>\n<p><a href=\"http:\/\/www.ollmetzer.com\/?attachment_id=1066\" rel=\"attachment wp-att-1066\"><img loading=\"lazy\" decoding=\"async\" class=\"size-full wp-image-1066\" title=\"spiel2\" src=\"http:\/\/www.ollmetzer.com\/wp-content\/uploads\/projekte\/dungeon\/spiel2.gif\" alt=\"screenshot dungeon\" width=\"506\" height=\"378\" \/><\/a><\/p>\n","protected":false},"excerpt":{"rendered":"<p>Zeitraum 2002 &#8211; 2003 Projekt Ausgehend von einem browserbasierten Chatsystem, entwickelte ich zun\u00e4chst eine grafische Erweiterung, die schlie\u00dflich zu einem einfachen multiuserf\u00e4higen Rollenspiel wuchs. Umsetzung Die Umsetzung des Clients erfolgte in DHTML und der Server wurde in PHP programmiert. Screenshots<\/p>\n","protected":false},"author":1,"featured_media":0,"parent":3,"menu_order":50,"comment_status":"closed","ping_status":"closed","template":"","meta":{"footnotes":""},"class_list":["post-10","page","type-page","status-publish","hentry"],"_links":{"self":[{"href":"https:\/\/www.ollmetzer.com\/index.php?rest_route=\/wp\/v2\/pages\/10","targetHints":{"allow":["GET"]}}],"collection":[{"href":"https:\/\/www.ollmetzer.com\/index.php?rest_route=\/wp\/v2\/pages"}],"about":[{"href":"https:\/\/www.ollmetzer.com\/index.php?rest_route=\/wp\/v2\/types\/page"}],"author":[{"embeddable":true,"href":"https:\/\/www.ollmetzer.com\/index.php?rest_route=\/wp\/v2\/users\/1"}],"replies":[{"embeddable":true,"href":"https:\/\/www.ollmetzer.com\/index.php?rest_route=%2Fwp%2Fv2%2Fcomments&post=10"}],"version-history":[{"count":1,"href":"https:\/\/www.ollmetzer.com\/index.php?rest_route=\/wp\/v2\/pages\/10\/revisions"}],"predecessor-version":[{"id":3735,"href":"https:\/\/www.ollmetzer.com\/index.php?rest_route=\/wp\/v2\/pages\/10\/revisions\/3735"}],"up":[{"embeddable":true,"href":"https:\/\/www.ollmetzer.com\/index.php?rest_route=\/wp\/v2\/pages\/3"}],"wp:attachment":[{"href":"https:\/\/www.ollmetzer.com\/index.php?rest_route=%2Fwp%2Fv2%2Fmedia&parent=10"}],"curies":[{"name":"wp","href":"https:\/\/api.w.org\/{rel}","templated":true}]}}