{"id":14,"date":"2010-05-22T17:52:20","date_gmt":"2010-05-22T15:52:20","guid":{"rendered":"http:\/\/ollmetzer\/?page_id=14"},"modified":"2019-10-05T13:49:00","modified_gmt":"2019-10-05T11:49:00","slug":"unicef-deutschland","status":"publish","type":"page","link":"https:\/\/www.ollmetzer.com\/?page_id=14","title":{"rendered":"Unicef Deutschland"},"content":{"rendered":"<p><strong>Kunde<\/strong><br \/>\nUnicef Deutschland<\/p>\n<p><strong>Projekt<\/strong><br \/>\nDas Projektziel war die Schaffung eines Werkzeugs f\u00fcr die Unterst\u00fctzung der ehrenamtlichen Mitarbeiter von Unicef Deutschland. Die ehrenamtliche T\u00e4tigkeit bedeutet meist vor Ort und nicht im B\u00fcro zu sein. Daher entstand der Prototyp eines Intranets, auf das sowohl station\u00e4r mittels Computer, als auch unterwegs per Handy zugegriffen werden kann.<\/p>\n<p><strong>Leistung<\/strong><br \/>\nZusammen mit Kerstin Stier erfolgte die Entwicklung der Idee, die Konzeption und prototypische Umsetzung des XHTML-Interfaces.<\/p>\n<p><strong>Jahr<\/strong><\/p>\n<p>2004 &#8211; 2005<\/p>\n<p><strong>Screenshots<\/strong><\/p>\n<div id=\"attachment_1097\" style=\"width: 206px\" class=\"wp-caption aligncenter\"><a href=\"http:\/\/www.ollmetzer.com\/?attachment_id=1097\" rel=\"attachment wp-att-1097\"><img loading=\"lazy\" decoding=\"async\" aria-describedby=\"caption-attachment-1097\" class=\"size-full wp-image-1097\" title=\"start\" src=\"http:\/\/www.ollmetzer.com\/wp-content\/uploads\/projekte\/unicef\/start.gif\" alt=\"Intranet Startseite auf Handy\" width=\"196\" height=\"335\" \/><\/a><p id=\"caption-attachment-1097\" class=\"wp-caption-text\">Intranet Startseite auf Handy<\/p><\/div>\n<div id=\"attachment_1099\" style=\"width: 206px\" class=\"wp-caption aligncenter\"><a href=\"http:\/\/www.ollmetzer.com\/?attachment_id=1099\" rel=\"attachment wp-att-1099\"><img loading=\"lazy\" decoding=\"async\" aria-describedby=\"caption-attachment-1099\" class=\"size-full wp-image-1099\" title=\"loggedin\" src=\"http:\/\/www.ollmetzer.com\/wp-content\/uploads\/projekte\/unicef\/loggedin.gif\" alt=\"Pers\u00f6nliche Startseite\" width=\"196\" height=\"335\" \/><\/a><p id=\"caption-attachment-1099\" class=\"wp-caption-text\">Intranet pers\u00f6nliche Startseite<\/p><\/div>\n<div id=\"attachment_1100\" style=\"width: 206px\" class=\"wp-caption aligncenter\"><a href=\"http:\/\/www.ollmetzer.com\/?attachment_id=1100\" rel=\"attachment wp-att-1100\"><img loading=\"lazy\" decoding=\"async\" aria-describedby=\"caption-attachment-1100\" class=\"size-full wp-image-1100\" title=\"mainnavi\" src=\"http:\/\/www.ollmetzer.com\/wp-content\/uploads\/projekte\/unicef\/mainnavi.gif\" alt=\"Hauptnavigation\" width=\"196\" height=\"335\" \/><\/a><p id=\"caption-attachment-1100\" class=\"wp-caption-text\">Intranet Hauptnavigation<\/p><\/div>\n<div id=\"attachment_1101\" style=\"width: 206px\" class=\"wp-caption aligncenter\"><a href=\"http:\/\/www.ollmetzer.com\/?attachment_id=1101\" rel=\"attachment wp-att-1101\"><img loading=\"lazy\" decoding=\"async\" aria-describedby=\"caption-attachment-1101\" class=\"size-full wp-image-1101\" title=\"personen\" src=\"http:\/\/www.ollmetzer.com\/wp-content\/uploads\/projekte\/unicef\/personen.gif\" alt=\"Kontaktliste\" width=\"196\" height=\"335\" \/><\/a><p id=\"caption-attachment-1101\" class=\"wp-caption-text\">Intranet pers\u00f6nliche Kontaktliste<\/p><\/div>\n","protected":false},"excerpt":{"rendered":"<p>Kunde Unicef Deutschland Projekt Das Projektziel war die Schaffung eines Werkzeugs f\u00fcr die Unterst\u00fctzung der ehrenamtlichen Mitarbeiter von Unicef Deutschland. Die ehrenamtliche T\u00e4tigkeit bedeutet meist vor Ort und nicht im B\u00fcro zu sein. Daher entstand der Prototyp eines Intranets, auf das sowohl station\u00e4r mittels Computer, als auch unterwegs per Handy zugegriffen werden kann. Leistung Zusammen [&hellip;]<\/p>\n","protected":false},"author":1,"featured_media":0,"parent":4,"menu_order":50,"comment_status":"closed","ping_status":"closed","template":"","meta":{"footnotes":""},"class_list":["post-14","page","type-page","status-publish","hentry"],"_links":{"self":[{"href":"https:\/\/www.ollmetzer.com\/index.php?rest_route=\/wp\/v2\/pages\/14","targetHints":{"allow":["GET"]}}],"collection":[{"href":"https:\/\/www.ollmetzer.com\/index.php?rest_route=\/wp\/v2\/pages"}],"about":[{"href":"https:\/\/www.ollmetzer.com\/index.php?rest_route=\/wp\/v2\/types\/page"}],"author":[{"embeddable":true,"href":"https:\/\/www.ollmetzer.com\/index.php?rest_route=\/wp\/v2\/users\/1"}],"replies":[{"embeddable":true,"href":"https:\/\/www.ollmetzer.com\/index.php?rest_route=%2Fwp%2Fv2%2Fcomments&post=14"}],"version-history":[{"count":2,"href":"https:\/\/www.ollmetzer.com\/index.php?rest_route=\/wp\/v2\/pages\/14\/revisions"}],"predecessor-version":[{"id":3730,"href":"https:\/\/www.ollmetzer.com\/index.php?rest_route=\/wp\/v2\/pages\/14\/revisions\/3730"}],"up":[{"embeddable":true,"href":"https:\/\/www.ollmetzer.com\/index.php?rest_route=\/wp\/v2\/pages\/4"}],"wp:attachment":[{"href":"https:\/\/www.ollmetzer.com\/index.php?rest_route=%2Fwp%2Fv2%2Fmedia&parent=14"}],"curies":[{"name":"wp","href":"https:\/\/api.w.org\/{rel}","templated":true}]}}