{"id":1703,"date":"2013-05-10T07:48:12","date_gmt":"2013-05-10T07:48:12","guid":{"rendered":"http:\/\/www.ollmetzer.com\/?page_id=1703"},"modified":"2019-10-05T13:55:35","modified_gmt":"2019-10-05T11:55:35","slug":"cbr-ecommerce-gmbh","status":"publish","type":"page","link":"https:\/\/www.ollmetzer.com\/?page_id=1703","title":{"rendered":"CBR eCommerce GmbH"},"content":{"rendered":"<p><strong>Firma<\/strong><\/p>\n<p>CBR eCommerce GmbH<\/p>\n<p><strong>Aufgabe<\/strong><\/p>\n<p>Aufbau von Onlineshops f\u00fcr die Bekleidungsmarken Street One, CECIL und OneTouch.<\/p>\n<p><strong>Projekt<\/strong><\/p>\n<p>Die CBR Holding beschloss, mit den Bekleidungsmarken Street One, CECIL und OneTouch in den B2C Onlinehandel einzusteigen. Im Sommer 2010 wurde ein Team aus eCommerce Experten zusammengestellt um zu diesem Zweck die noch zu gr\u00fcndende CBR eCommerce GmbH aufzubauen und bis zum ersten Quartal 2011 die drei Shops zu launchen.<\/p>\n<p>Das Team startete &#8222;auf der gr\u00fcnen Wiese&#8220; und baute innerhalb von nur 6 Monaten Logistik, Warenwirtschaft, Buchhaltung, Fotoproduktion Marketing und nat\u00fcrlich die Onlineshops selbst auf. Nach dem Launch wurde mittels gezieltem Online-Marketing und forcierter Internationalisierung (\u00d6sterreich, Schweiz, Niederlande) ein steiles Umsatzwachstum erzielt.<\/p>\n<p>2 Jahre nach Start betreibt die CBR eCommerce GmbH eine der gr\u00f6ssten Installationen des Shopsystems Oxid eSales mit 10 Shops auf einem Cluster von 16 Servern.<\/p>\n<p><strong>Leistungen<\/strong><\/p>\n<p>Als Teamlead IT Frontend lag meine Aufgabe zur Startphase in der Auswahl der Shopsoftware, der Dienstleiter, der technischen Konzeption der Serverumgebung und Schnittstellen und der Mitkonzeption der Nutzeroberfl\u00e4che. Ferner in der Konzeption und Programmierung des Tools zur Steuerung des Fotoproduktionsprozesses.<\/p>\n<p>Nach dem Launch waren die Hauptaufgaben die Sicherstellung des laufenden Betriebs, Internationalisierung, Teamaufbau, laufende Erweiterung und Apassung der Shops und Schnittstellen, sowie Performanceoptimierung.<\/p>\n<p>Diese Aufgaben wurden zum Launch von verschiedenen spezialisierten Dienstleistern und sp\u00e4ter zum \u00fcberwiegenden Teil vom eigenen Frontend Team realisiert. Die Releaseplanung und -durchf\u00fchrung wurde per SCRUM umgesetzt.<\/p>\n<p><strong>Jahr<\/strong><\/p>\n<p>2010 &#8211; 2012<\/p>\n<p><strong>Preise<\/strong><\/p>\n<p>Der Onlineshop von Street One hat den <a title=\"Oxid eSales Golden Cart Award 2013\" href=\"http:\/\/www.oxid-commons.com\/award.html\" target=\"_blank\" rel=\"noopener noreferrer\">Golden Cart Award 2013 von Oxid eSales<\/a> in der Kategorie Brand Commerce gewonnen.<\/p>\n<p><strong>Screenshots<\/strong><\/p>\n<p><strong><a href=\"http:\/\/www.ollmetzer.com\/?attachment_id=1990\" rel=\"attachment wp-att-1990\"><img loading=\"lazy\" decoding=\"async\" class=\"aligncenter size-medium wp-image-1990\" title=\"CECIL Startseite\" src=\"http:\/\/www.ollmetzer.com\/wp-content\/uploads\/2013\/05\/cecil_start_1-456x480.png\" alt=\"CECIL Startseite\" width=\"456\" height=\"480\" srcset=\"https:\/\/www.ollmetzer.com\/wp-content\/uploads\/2013\/05\/cecil_start_1-456x480.png 456w, https:\/\/www.ollmetzer.com\/wp-content\/uploads\/2013\/05\/cecil_start_1-974x1024.png 974w, https:\/\/www.ollmetzer.com\/wp-content\/uploads\/2013\/05\/cecil_start_1.png 980w\" sizes=\"auto, (max-width: 456px) 100vw, 456px\" \/><\/a><\/strong><\/p>\n<p><strong><a href=\"http:\/\/www.ollmetzer.com\/?attachment_id=1991\" rel=\"attachment wp-att-1991\"><img loading=\"lazy\" decoding=\"async\" class=\"aligncenter size-medium wp-image-1991\" title=\"OneTouch Startseite\" src=\"http:\/\/www.ollmetzer.com\/wp-content\/uploads\/2013\/05\/onetouch_start_1-456x480.png\" alt=\"OneTouch Startseite\" width=\"456\" height=\"480\" srcset=\"https:\/\/www.ollmetzer.com\/wp-content\/uploads\/2013\/05\/onetouch_start_1-456x480.png 456w, https:\/\/www.ollmetzer.com\/wp-content\/uploads\/2013\/05\/onetouch_start_1-974x1024.png 974w, https:\/\/www.ollmetzer.com\/wp-content\/uploads\/2013\/05\/onetouch_start_1.png 980w\" sizes=\"auto, (max-width: 456px) 100vw, 456px\" \/><\/a><\/strong><\/p>\n<p><strong><a href=\"http:\/\/www.ollmetzer.com\/?attachment_id=1992\" rel=\"attachment wp-att-1992\"><img loading=\"lazy\" decoding=\"async\" class=\"aligncenter size-medium wp-image-1992\" title=\"Street One Startseite\" src=\"http:\/\/www.ollmetzer.com\/wp-content\/uploads\/2013\/05\/streetone_start_1-456x480.png\" alt=\"Street One Startseite\" width=\"456\" height=\"480\" srcset=\"https:\/\/www.ollmetzer.com\/wp-content\/uploads\/2013\/05\/streetone_start_1-456x480.png 456w, https:\/\/www.ollmetzer.com\/wp-content\/uploads\/2013\/05\/streetone_start_1-974x1024.png 974w, https:\/\/www.ollmetzer.com\/wp-content\/uploads\/2013\/05\/streetone_start_1.png 980w\" sizes=\"auto, (max-width: 456px) 100vw, 456px\" \/><\/a><\/strong><\/p>\n<p><strong><a href=\"http:\/\/www.ollmetzer.com\/?attachment_id=1993\" rel=\"attachment wp-att-1993\"><img loading=\"lazy\" decoding=\"async\" class=\"aligncenter size-medium wp-image-1993\" title=\"Street One Artikeldetailseite\" src=\"http:\/\/www.ollmetzer.com\/wp-content\/uploads\/2013\/05\/streetone_detail_1-456x480.png\" alt=\"Street One Artikeldetailseite\" width=\"456\" height=\"480\" srcset=\"https:\/\/www.ollmetzer.com\/wp-content\/uploads\/2013\/05\/streetone_detail_1-456x480.png 456w, https:\/\/www.ollmetzer.com\/wp-content\/uploads\/2013\/05\/streetone_detail_1-974x1024.png 974w, https:\/\/www.ollmetzer.com\/wp-content\/uploads\/2013\/05\/streetone_detail_1.png 980w\" sizes=\"auto, (max-width: 456px) 100vw, 456px\" \/><\/a><\/strong><\/p>\n<p><strong><a href=\"http:\/\/www.ollmetzer.com\/?attachment_id=1994\" rel=\"attachment wp-att-1994\"><img loading=\"lazy\" decoding=\"async\" class=\"aligncenter size-medium wp-image-1994\" title=\"Street One Outfit\" src=\"http:\/\/www.ollmetzer.com\/wp-content\/uploads\/2013\/05\/streetone_outfit_1-456x480.png\" alt=\"Street One Outfit\" width=\"456\" height=\"480\" srcset=\"https:\/\/www.ollmetzer.com\/wp-content\/uploads\/2013\/05\/streetone_outfit_1-456x480.png 456w, https:\/\/www.ollmetzer.com\/wp-content\/uploads\/2013\/05\/streetone_outfit_1-974x1024.png 974w, https:\/\/www.ollmetzer.com\/wp-content\/uploads\/2013\/05\/streetone_outfit_1.png 980w\" sizes=\"auto, (max-width: 456px) 100vw, 456px\" \/><\/a><br \/>\n<\/strong><\/p>\n","protected":false},"excerpt":{"rendered":"<p>Firma CBR eCommerce GmbH Aufgabe Aufbau von Onlineshops f\u00fcr die Bekleidungsmarken Street One, CECIL und OneTouch. Projekt Die CBR Holding beschloss, mit den Bekleidungsmarken Street One, CECIL und OneTouch in den B2C Onlinehandel einzusteigen. Im Sommer 2010 wurde ein Team aus eCommerce Experten zusammengestellt um zu diesem Zweck die noch zu gr\u00fcndende CBR eCommerce GmbH [&hellip;]<\/p>\n","protected":false},"author":1,"featured_media":0,"parent":4,"menu_order":5,"comment_status":"closed","ping_status":"closed","template":"","meta":{"footnotes":""},"class_list":["post-1703","page","type-page","status-publish","hentry"],"_links":{"self":[{"href":"https:\/\/www.ollmetzer.com\/index.php?rest_route=\/wp\/v2\/pages\/1703","targetHints":{"allow":["GET"]}}],"collection":[{"href":"https:\/\/www.ollmetzer.com\/index.php?rest_route=\/wp\/v2\/pages"}],"about":[{"href":"https:\/\/www.ollmetzer.com\/index.php?rest_route=\/wp\/v2\/types\/page"}],"author":[{"embeddable":true,"href":"https:\/\/www.ollmetzer.com\/index.php?rest_route=\/wp\/v2\/users\/1"}],"replies":[{"embeddable":true,"href":"https:\/\/www.ollmetzer.com\/index.php?rest_route=%2Fwp%2Fv2%2Fcomments&post=1703"}],"version-history":[{"count":2,"href":"https:\/\/www.ollmetzer.com\/index.php?rest_route=\/wp\/v2\/pages\/1703\/revisions"}],"predecessor-version":[{"id":3734,"href":"https:\/\/www.ollmetzer.com\/index.php?rest_route=\/wp\/v2\/pages\/1703\/revisions\/3734"}],"up":[{"embeddable":true,"href":"https:\/\/www.ollmetzer.com\/index.php?rest_route=\/wp\/v2\/pages\/4"}],"wp:attachment":[{"href":"https:\/\/www.ollmetzer.com\/index.php?rest_route=%2Fwp%2Fv2%2Fmedia&parent=1703"}],"curies":[{"name":"wp","href":"https:\/\/api.w.org\/{rel}","templated":true}]}}