{"id":18,"date":"2010-05-22T17:56:00","date_gmt":"2010-05-22T15:56:00","guid":{"rendered":"http:\/\/ollmetzer\/?page_id=18"},"modified":"2019-10-05T13:45:41","modified_gmt":"2019-10-05T11:45:41","slug":"credit-suisse","status":"publish","type":"page","link":"https:\/\/www.ollmetzer.com\/?page_id=18","title":{"rendered":"Credit Suisse"},"content":{"rendered":"<p><strong>Kunde<\/strong><br \/>\nCredit Suisse<\/p>\n<p><strong>Projekt<\/strong><br \/>\nDer 1999 gelaunchte Internetableger der Credit Suisse &#8211; Youtrade- sollte eine gr\u00fcndliche gestalterische und inhaltliche \u00dcberarbeitung erfahren. Im Januar 2002 wurde das Projekt aufgrund von Restrukturierungsma\u00dfnahmen bei Credit Suisse eingefroren.<\/p>\n<p><strong>Leistung<\/strong><br \/>\nTechnische Projektleitung f\u00fcr die Abstimmung in technischen Detailfragen und die Produktion der HTML-Templates.<br \/>\nDie Leistung wurde im Rahmen einer Festanstellung bei I-D Media erbracht.<\/p>\n<p><strong>Jahr<\/strong><\/p>\n<p>2002<\/p>\n<p><strong>Screenshots<\/strong><\/p>\n<p><a href=\"http:\/\/www.ollmetzer.com\/?attachment_id=1080\" rel=\"attachment wp-att-1080\"><img loading=\"lazy\" decoding=\"async\" class=\"size-medium wp-image-1080\" title=\"yt1\" src=\"http:\/\/www.ollmetzer.com\/wp-content\/uploads\/projekte\/youtrade\/yt1-480x338.gif\" alt=\"Leistungen und Produkte\" width=\"480\" height=\"338\" \/><\/a><\/p>\n<p><a href=\"http:\/\/www.ollmetzer.com\/?attachment_id=1081\" rel=\"attachment wp-att-1081\"><img loading=\"lazy\" decoding=\"async\" class=\"size-medium wp-image-1081\" title=\"yt2\" src=\"http:\/\/www.ollmetzer.com\/wp-content\/uploads\/projekte\/youtrade\/yt2-480x338.gif\" alt=\"Mobile Trading\" width=\"480\" height=\"338\" \/><\/a><\/p>\n<p><a href=\"http:\/\/www.ollmetzer.com\/?attachment_id=1082\" rel=\"attachment wp-att-1082\"><img loading=\"lazy\" decoding=\"async\" class=\"size-medium wp-image-1082\" title=\"yt3\" src=\"http:\/\/www.ollmetzer.com\/wp-content\/uploads\/projekte\/youtrade\/yt3-480x338.gif\" alt=\"Download-Center\" width=\"480\" height=\"338\" \/><\/a><\/p>\n","protected":false},"excerpt":{"rendered":"<p>Kunde Credit Suisse Projekt Der 1999 gelaunchte Internetableger der Credit Suisse &#8211; Youtrade- sollte eine gr\u00fcndliche gestalterische und inhaltliche \u00dcberarbeitung erfahren. Im Januar 2002 wurde das Projekt aufgrund von Restrukturierungsma\u00dfnahmen bei Credit Suisse eingefroren. Leistung Technische Projektleitung f\u00fcr die Abstimmung in technischen Detailfragen und die Produktion der HTML-Templates. Die Leistung wurde im Rahmen einer Festanstellung [&hellip;]<\/p>\n","protected":false},"author":1,"featured_media":0,"parent":4,"menu_order":80,"comment_status":"closed","ping_status":"closed","template":"","meta":{"footnotes":""},"class_list":["post-18","page","type-page","status-publish","hentry"],"_links":{"self":[{"href":"https:\/\/www.ollmetzer.com\/index.php?rest_route=\/wp\/v2\/pages\/18","targetHints":{"allow":["GET"]}}],"collection":[{"href":"https:\/\/www.ollmetzer.com\/index.php?rest_route=\/wp\/v2\/pages"}],"about":[{"href":"https:\/\/www.ollmetzer.com\/index.php?rest_route=\/wp\/v2\/types\/page"}],"author":[{"embeddable":true,"href":"https:\/\/www.ollmetzer.com\/index.php?rest_route=\/wp\/v2\/users\/1"}],"replies":[{"embeddable":true,"href":"https:\/\/www.ollmetzer.com\/index.php?rest_route=%2Fwp%2Fv2%2Fcomments&post=18"}],"version-history":[{"count":1,"href":"https:\/\/www.ollmetzer.com\/index.php?rest_route=\/wp\/v2\/pages\/18\/revisions"}],"predecessor-version":[{"id":3726,"href":"https:\/\/www.ollmetzer.com\/index.php?rest_route=\/wp\/v2\/pages\/18\/revisions\/3726"}],"up":[{"embeddable":true,"href":"https:\/\/www.ollmetzer.com\/index.php?rest_route=\/wp\/v2\/pages\/4"}],"wp:attachment":[{"href":"https:\/\/www.ollmetzer.com\/index.php?rest_route=%2Fwp%2Fv2%2Fmedia&parent=18"}],"curies":[{"name":"wp","href":"https:\/\/api.w.org\/{rel}","templated":true}]}}