{"id":1977,"date":"2013-05-08T11:42:51","date_gmt":"2013-05-08T11:42:51","guid":{"rendered":"http:\/\/www.ollmetzer.com\/?page_id=1977"},"modified":"2019-10-05T14:02:17","modified_gmt":"2019-10-05T12:02:17","slug":"edocket","status":"publish","type":"page","link":"https:\/\/www.ollmetzer.com\/?page_id=1977","title":{"rendered":"eDocket"},"content":{"rendered":"<p><strong>Einfaches Content Workflow Management im eCommerce<\/strong><\/p>\n<p>(Projektentwicklung zwischenzeitlich eingestellt)<\/p>\n<p>Die Artikelstammdaten eines Onlineshops werden in der Regel automatisch aus dem Warenwirtschaftssystem importiert. Anders sieht es mit dem Content aus, der die Kunden interessiert: Bilder und Beschreibungstexte.<\/p>\n<p>Die Produktion von Content f\u00fcr einen Onlineshop ist anspruchsvoll. St\u00e4ndig kommen neue Produkte, es m\u00fcssen Fotos geschossen und nachbearbeitet werden, Texte m\u00fcssen geschrieben, SEO optimiert und gegebenenfalls \u00fcbersetzt werden.<\/p>\n<p>Um hierbei nicht die \u00dcbersicht zu verlieren ist ein gut organisierter Workflow unabdingbar.<\/p>\n<div><a href=\"http:\/\/www.ollmetzer.com\/?attachment_id=1987\" rel=\"attachment wp-att-1987\"><img loading=\"lazy\" decoding=\"async\" class=\"aligncenter size-full wp-image-1987\" title=\"eDocket Logo\" src=\"http:\/\/www.ollmetzer.com\/wp-content\/uploads\/2013\/05\/logo_version2.png\" alt=\"eDocket Logo\" width=\"361\" height=\"74\" \/><\/a><\/div>\n<p>eDocket hilft bei bei den typischen Fragen, wie z.B.:<\/p>\n<ul>\n<li>Welche Produkte fehlen noch?<\/li>\n<li>Welche Produkte befinden sich in der Produktion?<\/li>\n<li>Wer hat die Bilder f\u00fcr Produkt XY freigegeben?<\/li>\n<\/ul>\n<p>eDocket ist ein einfaches, webbasiertes Tool, das Sie mit Ihrem Onlineshop koppeln k\u00f6nnen. \u00dcberzeugen Sie sich selbst.<\/p>\n<p>=&gt; <a title=\"eDocket Handbuch\" href=\"\/wp-content\/uploads\/2013\/04\/eDocket_de_Handbuch.pdf \">Download Handbuch<\/a> (work in progress)<br \/>\n=&gt; <a title=\"Sourceforge: eDocket Programmcode\" href=\"http:\/\/sourceforge.net\/p\/edocket\/code\/HEAD\/tree\/ \" target=\"_blank\" rel=\"noopener noreferrer\">eDocket Programmcode<\/a> (beta)<\/p>\n","protected":false},"excerpt":{"rendered":"<p>Einfaches Content Workflow Management im eCommerce (Projektentwicklung zwischenzeitlich eingestellt) Die Artikelstammdaten eines Onlineshops werden in der Regel automatisch aus dem Warenwirtschaftssystem importiert. Anders sieht es mit dem Content aus, der die Kunden interessiert: Bilder und Beschreibungstexte. Die Produktion von Content f\u00fcr einen Onlineshop ist anspruchsvoll. St\u00e4ndig kommen neue Produkte, es m\u00fcssen Fotos geschossen und nachbearbeitet [&hellip;]<\/p>\n","protected":false},"author":1,"featured_media":0,"parent":3,"menu_order":5,"comment_status":"closed","ping_status":"closed","template":"","meta":{"footnotes":""},"class_list":["post-1977","page","type-page","status-publish","hentry"],"_links":{"self":[{"href":"https:\/\/www.ollmetzer.com\/index.php?rest_route=\/wp\/v2\/pages\/1977","targetHints":{"allow":["GET"]}}],"collection":[{"href":"https:\/\/www.ollmetzer.com\/index.php?rest_route=\/wp\/v2\/pages"}],"about":[{"href":"https:\/\/www.ollmetzer.com\/index.php?rest_route=\/wp\/v2\/types\/page"}],"author":[{"embeddable":true,"href":"https:\/\/www.ollmetzer.com\/index.php?rest_route=\/wp\/v2\/users\/1"}],"replies":[{"embeddable":true,"href":"https:\/\/www.ollmetzer.com\/index.php?rest_route=%2Fwp%2Fv2%2Fcomments&post=1977"}],"version-history":[{"count":1,"href":"https:\/\/www.ollmetzer.com\/index.php?rest_route=\/wp\/v2\/pages\/1977\/revisions"}],"predecessor-version":[{"id":3738,"href":"https:\/\/www.ollmetzer.com\/index.php?rest_route=\/wp\/v2\/pages\/1977\/revisions\/3738"}],"up":[{"embeddable":true,"href":"https:\/\/www.ollmetzer.com\/index.php?rest_route=\/wp\/v2\/pages\/3"}],"wp:attachment":[{"href":"https:\/\/www.ollmetzer.com\/index.php?rest_route=%2Fwp%2Fv2%2Fmedia&parent=1977"}],"curies":[{"name":"wp","href":"https:\/\/api.w.org\/{rel}","templated":true}]}}