{"id":22,"date":"2010-05-22T17:58:29","date_gmt":"2010-05-22T15:58:29","guid":{"rendered":"http:\/\/ollmetzer\/?page_id=22"},"modified":"2019-10-05T13:53:37","modified_gmt":"2019-10-05T11:53:37","slug":"metaways-infosystems","status":"publish","type":"page","link":"https:\/\/www.ollmetzer.com\/?page_id=22","title":{"rendered":"Metaways Infosystems"},"content":{"rendered":"<p><strong>Kunde<\/strong><br \/>\nMetaways Infosystems<\/p>\n<p><strong>Projekt<\/strong><br \/>\nF\u00fcr den Hamburg Internetdienstleister entstanden f\u00fcr Kunden im Zeitungs-, Nahrungsmittel- und Finanzdienstleitungsbereich L\u00f6sungen f\u00fcr Publishing, Community und Finanzdienstleistungen.<\/p>\n<p><strong>Leistung<\/strong><br \/>\nEntwicklung von Typo3 Plugins und Anwendungen unter Einsatz von PHP \/ Zend Framework \/ MySQL.<\/p>\n<p><strong>Jahr<\/strong><\/p>\n<p>2007 &#8211; 2009<\/p>\n","protected":false},"excerpt":{"rendered":"<p>Kunde Metaways Infosystems Projekt F\u00fcr den Hamburg Internetdienstleister entstanden f\u00fcr Kunden im Zeitungs-, Nahrungsmittel- und Finanzdienstleitungsbereich L\u00f6sungen f\u00fcr Publishing, Community und Finanzdienstleistungen. Leistung Entwicklung von Typo3 Plugins und Anwendungen unter Einsatz von PHP \/ Zend Framework \/ MySQL. Jahr 2007 &#8211; 2009<\/p>\n","protected":false},"author":1,"featured_media":0,"parent":4,"menu_order":30,"comment_status":"closed","ping_status":"closed","template":"","meta":{"footnotes":""},"class_list":["post-22","page","type-page","status-publish","hentry"],"_links":{"self":[{"href":"https:\/\/www.ollmetzer.com\/index.php?rest_route=\/wp\/v2\/pages\/22","targetHints":{"allow":["GET"]}}],"collection":[{"href":"https:\/\/www.ollmetzer.com\/index.php?rest_route=\/wp\/v2\/pages"}],"about":[{"href":"https:\/\/www.ollmetzer.com\/index.php?rest_route=\/wp\/v2\/types\/page"}],"author":[{"embeddable":true,"href":"https:\/\/www.ollmetzer.com\/index.php?rest_route=\/wp\/v2\/users\/1"}],"replies":[{"embeddable":true,"href":"https:\/\/www.ollmetzer.com\/index.php?rest_route=%2Fwp%2Fv2%2Fcomments&post=22"}],"version-history":[{"count":1,"href":"https:\/\/www.ollmetzer.com\/index.php?rest_route=\/wp\/v2\/pages\/22\/revisions"}],"predecessor-version":[{"id":3732,"href":"https:\/\/www.ollmetzer.com\/index.php?rest_route=\/wp\/v2\/pages\/22\/revisions\/3732"}],"up":[{"embeddable":true,"href":"https:\/\/www.ollmetzer.com\/index.php?rest_route=\/wp\/v2\/pages\/4"}],"wp:attachment":[{"href":"https:\/\/www.ollmetzer.com\/index.php?rest_route=%2Fwp%2Fv2%2Fmedia&parent=22"}],"curies":[{"name":"wp","href":"https:\/\/api.w.org\/{rel}","templated":true}]}}