{"id":3,"date":"2010-05-22T17:47:16","date_gmt":"2010-05-22T15:47:16","guid":{"rendered":"http:\/\/ollmetzer\/?page_id=3"},"modified":"2010-05-22T18:15:52","modified_gmt":"2010-05-22T16:15:52","slug":"projekte","status":"publish","type":"page","link":"https:\/\/www.ollmetzer.com\/?page_id=3","title":{"rendered":"Projekte"},"content":{"rendered":"<p>Hier finden Sie einen unvollst\u00e4ndigen \u00dcberblick \u00fcber  meine eigenen Projekte und Prototypen der letzten Jahre.\ufeff<\/p>\n<p><strong><a href=\"\/?page_id=6\">zzap<\/a><\/strong><br \/>\n2006-08 &#8211; Mobile Community<br \/>\nEntwicklung einer Mobile Community Software auf der Basis der  Diplomarbeit.<\/p>\n<p><strong><a href=\"\/?page_id=7\">fastfiction<\/a><\/strong><br \/>\n2005-08 &#8211; Kultur f\u00fcr das Handy<br \/>\nHandybuchvertrieb mit gemeinfreien, klassischen Texten.<\/p>\n<p><strong><a href=\"\/?page_id=8\">Diplomarbeit<\/a><\/strong><br \/>\n2006 &#8211; Diplomarbeit Mobile Community<br \/>\nEntwicklung eines Mobile Community Prototypen unter Ber\u00fccksichtigung des  Web 2.0 Paradigma.<\/p>\n<p><strong><a href=\"\/?page_id=9\">Handyspiel<\/a><\/strong><br \/>\n2003 &#8211; Handyspiel<br \/>\nEntwicklung des Handy Rollenspiels Kings Castle.<\/p>\n<p><strong><a href=\"\/?page_id=10\">Browser RPG<\/a><\/strong><br \/>\n2002\/03 &#8211; Prototyp<br \/>\nEntwicklung eines Prototypen f\u00fcr ein browserbasiertes Rollenspiel.<\/p>\n","protected":false},"excerpt":{"rendered":"<p>Hier finden Sie einen unvollst\u00e4ndigen \u00dcberblick \u00fcber meine eigenen Projekte und Prototypen der letzten Jahre.\ufeff zzap 2006-08 &#8211; Mobile Community Entwicklung einer Mobile Community Software auf der Basis der Diplomarbeit. fastfiction 2005-08 &#8211; Kultur f\u00fcr das Handy Handybuchvertrieb mit gemeinfreien, klassischen Texten. Diplomarbeit 2006 &#8211; Diplomarbeit Mobile Community Entwicklung eines Mobile Community Prototypen unter Ber\u00fccksichtigung [&hellip;]<\/p>\n","protected":false},"author":1,"featured_media":0,"parent":0,"menu_order":10,"comment_status":"closed","ping_status":"closed","template":"","meta":{"footnotes":""},"class_list":["post-3","page","type-page","status-publish","hentry"],"_links":{"self":[{"href":"https:\/\/www.ollmetzer.com\/index.php?rest_route=\/wp\/v2\/pages\/3","targetHints":{"allow":["GET"]}}],"collection":[{"href":"https:\/\/www.ollmetzer.com\/index.php?rest_route=\/wp\/v2\/pages"}],"about":[{"href":"https:\/\/www.ollmetzer.com\/index.php?rest_route=\/wp\/v2\/types\/page"}],"author":[{"embeddable":true,"href":"https:\/\/www.ollmetzer.com\/index.php?rest_route=\/wp\/v2\/users\/1"}],"replies":[{"embeddable":true,"href":"https:\/\/www.ollmetzer.com\/index.php?rest_route=%2Fwp%2Fv2%2Fcomments&post=3"}],"version-history":[{"count":0,"href":"https:\/\/www.ollmetzer.com\/index.php?rest_route=\/wp\/v2\/pages\/3\/revisions"}],"wp:attachment":[{"href":"https:\/\/www.ollmetzer.com\/index.php?rest_route=%2Fwp%2Fv2%2Fmedia&parent=3"}],"curies":[{"name":"wp","href":"https:\/\/api.w.org\/{rel}","templated":true}]}}