{"id":3090,"date":"2018-02-10T18:25:43","date_gmt":"2018-02-10T17:25:43","guid":{"rendered":"http:\/\/www.ollmetzer.com\/?page_id=3090"},"modified":"2026-04-23T20:33:20","modified_gmt":"2026-04-23T18:33:20","slug":"musik","status":"publish","type":"page","link":"https:\/\/www.ollmetzer.com\/?page_id=3090","title":{"rendered":"Musik"},"content":{"rendered":"<p>Hin und wieder wurde ich von Freunden gefragt, wo man meine Musik h\u00f6ren kann. Nach einiger \u00dcberlegung habe ich mich daf\u00fcr entschieden, sie auf meiner eigenen Homepage zu ver\u00f6ffentlichen.<\/p>\n<p>Mein Rechner ist voll von musikalischen Fragmenten und Versatzst\u00fccken. Immer wenn eines dieser Teile die Form eines Songs annimmt, den ich auch mehrfach hintereinander h\u00f6ren mag, kommt der zum n\u00e4chsten Album.<\/p>\n<p>Zur Zeit (Stand Mai 2022) habe ich sieben &#8222;Alben&#8220; fertiggestellt, wobei ich die ersten beiden eher als &#8222;Gehversuche&#8220; betrachte:<\/p>\n<p><a href=\"\/?page_id=3106\" target=\"_blank\" rel=\"noopener\">Raw Fragments<\/a> \u2013 10 St\u00fccke von 2009\/2010. Meine ersten Gehversuche.<\/p>\n<p><a href=\"\/?page_id=3112\" target=\"_blank\" rel=\"noopener\">Furthermore<\/a> \u2013 5 St\u00fccke von 2011\/2012, die ich als &#8222;Nachz\u00fcgler&#8220; zu dem ersten Album betrachte.<\/p>\n<p><a href=\"\/?page_id=3119\" target=\"_blank\" rel=\"noopener\">Red Green<\/a> \u2013 11 St\u00fccke aus dem Jahr 2016. Hier hatte ich das erste mal das Gef\u00fchl \u201erichtige\u201c Lieder produziert zu haben.<\/p>\n<p><a href=\"\/?page_id=3125\" target=\"_blank\" rel=\"noopener\">Four Seventeen<\/a> \u2013 10 St\u00fccke aus dem Jahr 2017.<\/p>\n<p><a href=\"\/?page_id=3715\" target=\"_blank\" rel=\"noopener\">next<\/a> &#8211; 11 St\u00fccke aus dem Jahr 2019. Einige sind mehr Soundtrack als Songs.<\/p>\n<p><a href=\"\/?page_id=4400\" target=\"_blank\" rel=\"noopener\">S O L<\/a> &#8211; 12 St\u00fccke, die ich w\u00e4hrend des Corona Lockdowns ver\u00f6ffentlich habe.<\/p>\n<p><a href=\"\/?page_id=4404\" target=\"_blank\" rel=\"noopener\">Der Schritt zur\u00fcck<\/a> &#8211; 11 Lieder, die das Innehalten, die eigenen Wurzeln und die Spiritualit\u00e4t der Natur zu erkennen, behandeln. Umgesetzt per &#8222;One Synth Challenge&#8220;.<\/p>\n<p><a href=\"\/?page_id=5576\">Tyranny Of The Moralists<\/a> &#8211; Ebenfalls 11 Lieder. Ausl\u00f6ser war meine zunehmende Ver\u00e4rgerung \u00fcber zunehmenden Haltungs&#8220;journalismus&#8220;.<\/p>\n<p><strong>Hinweis zum Urheberrecht<\/strong><br \/>\nWie f\u00fcr meine komplette Homepage gilt auch f\u00fcr meine Musik die <a href=\"https:\/\/creativecommons.org\/licenses\/by-nc-nd\/2.0\/de\/\" target=\"_blank\" rel=\"noopener noreferrer\">Creative Commons Lizenz cc-by-nc-nd<\/a>. Das bedeutet, dass die Musik privat geh\u00f6rt und kopiert werden darf, solange der Copyright Inhaber korrekt und vollst\u00e4ndig genannt wird. Eine Bearbeitung und kommerzielle Nutzung ist nicht gestattet.<\/p>\n","protected":false},"excerpt":{"rendered":"<p>Hin und wieder wurde ich von Freunden gefragt, wo man meine Musik h\u00f6ren kann. Nach einiger \u00dcberlegung habe ich mich daf\u00fcr entschieden, sie auf meiner eigenen Homepage zu ver\u00f6ffentlichen. Mein Rechner ist voll von musikalischen Fragmenten und Versatzst\u00fccken. Immer wenn eines dieser Teile die Form eines Songs annimmt, den ich auch mehrfach hintereinander h\u00f6ren mag, [&hellip;]<\/p>\n","protected":false},"author":1,"featured_media":0,"parent":0,"menu_order":30,"comment_status":"closed","ping_status":"closed","template":"","meta":{"footnotes":""},"class_list":["post-3090","page","type-page","status-publish","hentry"],"_links":{"self":[{"href":"https:\/\/www.ollmetzer.com\/index.php?rest_route=\/wp\/v2\/pages\/3090","targetHints":{"allow":["GET"]}}],"collection":[{"href":"https:\/\/www.ollmetzer.com\/index.php?rest_route=\/wp\/v2\/pages"}],"about":[{"href":"https:\/\/www.ollmetzer.com\/index.php?rest_route=\/wp\/v2\/types\/page"}],"author":[{"embeddable":true,"href":"https:\/\/www.ollmetzer.com\/index.php?rest_route=\/wp\/v2\/users\/1"}],"replies":[{"embeddable":true,"href":"https:\/\/www.ollmetzer.com\/index.php?rest_route=%2Fwp%2Fv2%2Fcomments&post=3090"}],"version-history":[{"count":12,"href":"https:\/\/www.ollmetzer.com\/index.php?rest_route=\/wp\/v2\/pages\/3090\/revisions"}],"predecessor-version":[{"id":5582,"href":"https:\/\/www.ollmetzer.com\/index.php?rest_route=\/wp\/v2\/pages\/3090\/revisions\/5582"}],"wp:attachment":[{"href":"https:\/\/www.ollmetzer.com\/index.php?rest_route=%2Fwp%2Fv2%2Fmedia&parent=3090"}],"curies":[{"name":"wp","href":"https:\/\/api.w.org\/{rel}","templated":true}]}}