{"id":3261,"date":"2018-05-21T21:51:44","date_gmt":"2018-05-21T19:51:44","guid":{"rendered":"http:\/\/www.ollmetzer.com\/?page_id=3261"},"modified":"2018-05-21T21:51:44","modified_gmt":"2018-05-21T19:51:44","slug":"datenschutz","status":"publish","type":"page","link":"https:\/\/www.ollmetzer.com\/?page_id=3261","title":{"rendered":"Datenschutz"},"content":{"rendered":"<p><strong>Gegenstand des Angebotes<\/strong><\/p>\n<p>Das im WWW unter der Adresse www.ollmetzer.com abrufbare Angebot ist eine rein private Website. Sie dient ausschlie\u00dflich zur Ver\u00f6ffentlichung der privaten Meinung des Anbieters in Wort, Bild und Ton. Es sind weder direkte oder indirekte Gewinnabsichten (z.B. durch Werbebanner, Affiliatelinks, Linktausch, sponsored Content oder Werbung f\u00fcr die eigene Person o.\u00e4.) vorhanden.<\/p>\n<p><strong>Erhebung personengebundener Daten<\/strong><\/p>\n<p>Auf dieser Website werden keinerlei personengebundener Daten erhoben. Es werden den Nutzern keine M\u00f6glichkeiten zur Interaktion (z.B. in Form von Feedbackformularen, Kommentar- oder Diskussionsfunktionen) angeboten. Bei der Erstellung der Website wurde darauf geachtet, Usertracking von Drittanbietern durch Einbindung von externen Ressourcen (z.B. Webfonts, Share-Buttons, Javascript Libraries o.\u00e4.) zu unterbinden.<\/p>\n<p>In einigen Beitr\u00e4gen ist Content von Drittanbietern wie Youtube, Vimeo oder Slideshare eingebunden, auf die in dem jeweiligen Artikel Bezug genommen wird. Die Angaben zum Datenschutz dieser Dienste sind den jeweilgen Websites der genutzten Anbieter zu entnehmen.<\/p>\n<p><strong>Erhebung sonstiger Daten<\/strong><\/p>\n<p>Zur Bereitstellung der Grundfunktion des Blogs, wird von der Software ein Sessionccokie gesetzt.<\/p>\n<p>Zur Verbesserung des inhaltlichen und technischen Angebotes werden einige anonyme statistische Daten zur Nutzung der Website erhoben. Dazu geh\u00f6ren insbesondere die H\u00e4ufigkeit und zeitliche Verteilung der Inhalteaufrufe, sowie die verwendete Technik (Betriebssystem und Browser). Hierzu wird vom Betreiber eine eigene Instanz des Datenschutzkonformen Webanalysetools Matomo (ehemals PIWIK) auf der Domain www.dirk-ollmetzer.de betrieben.<\/p>\n<p>Auf Seiten, die das eigene musikalische Werk zum Anh\u00f6ren anbieten, kommt ein einfaches Verfahren auf der Basis von Tokens zur Unterbindung unrechtm\u00e4ssiger Downloads zum Einsatz.<\/p>\n<p><strong>Sonstiges<\/strong><\/p>\n<p>Sollte trotz sorgf\u00e4ltiger Pr\u00fcfung des Betreibers an irgendeiner Stelle eine Technik zum Einsatz kommen, die m\u00f6glicherweise die Privatsph\u00e4re der Nutzer verletzen k\u00f6nnte oder Datenschutzrechtliche Bedenken aufwirft, wird darum gebeten, den Betreiber darauf hinzuweisen. Die Kontaktdaten dazu sind im Impressum zu finden.<\/p>\n","protected":false},"excerpt":{"rendered":"<p>Gegenstand des Angebotes Das im WWW unter der Adresse www.ollmetzer.com abrufbare Angebot ist eine rein private Website. Sie dient ausschlie\u00dflich zur Ver\u00f6ffentlichung der privaten Meinung des Anbieters in Wort, Bild und Ton. Es sind weder direkte oder indirekte Gewinnabsichten (z.B. durch Werbebanner, Affiliatelinks, Linktausch, sponsored Content oder Werbung f\u00fcr die eigene Person o.\u00e4.) vorhanden. Erhebung [&hellip;]<\/p>\n","protected":false},"author":1,"featured_media":0,"parent":2,"menu_order":0,"comment_status":"closed","ping_status":"closed","template":"","meta":{"footnotes":""},"class_list":["post-3261","page","type-page","status-publish","hentry"],"_links":{"self":[{"href":"https:\/\/www.ollmetzer.com\/index.php?rest_route=\/wp\/v2\/pages\/3261","targetHints":{"allow":["GET"]}}],"collection":[{"href":"https:\/\/www.ollmetzer.com\/index.php?rest_route=\/wp\/v2\/pages"}],"about":[{"href":"https:\/\/www.ollmetzer.com\/index.php?rest_route=\/wp\/v2\/types\/page"}],"author":[{"embeddable":true,"href":"https:\/\/www.ollmetzer.com\/index.php?rest_route=\/wp\/v2\/users\/1"}],"replies":[{"embeddable":true,"href":"https:\/\/www.ollmetzer.com\/index.php?rest_route=%2Fwp%2Fv2%2Fcomments&post=3261"}],"version-history":[{"count":4,"href":"https:\/\/www.ollmetzer.com\/index.php?rest_route=\/wp\/v2\/pages\/3261\/revisions"}],"predecessor-version":[{"id":3304,"href":"https:\/\/www.ollmetzer.com\/index.php?rest_route=\/wp\/v2\/pages\/3261\/revisions\/3304"}],"up":[{"embeddable":true,"href":"https:\/\/www.ollmetzer.com\/index.php?rest_route=\/wp\/v2\/pages\/2"}],"wp:attachment":[{"href":"https:\/\/www.ollmetzer.com\/index.php?rest_route=%2Fwp%2Fv2%2Fmedia&parent=3261"}],"curies":[{"name":"wp","href":"https:\/\/api.w.org\/{rel}","templated":true}]}}