{"id":3715,"date":"2019-10-05T10:18:54","date_gmt":"2019-10-05T08:18:54","guid":{"rendered":"http:\/\/www.ollmetzer.com\/?page_id=3715"},"modified":"2022-04-20T19:09:17","modified_gmt":"2022-04-20T17:09:17","slug":"next","status":"publish","type":"page","link":"https:\/\/www.ollmetzer.com\/?page_id=3715","title":{"rendered":"next"},"content":{"rendered":"\n<p>Einige der 11 St\u00fccke auf dem Album aus dem Jahr 2019 haben bewusst kaum eine Songstruktur, sondern sind eher Soundtrack zu einem imagin\u00e4ren Film.<\/p>\n\n<div style=\"text-align:center;\"><iframe src=\"musik\/index.php?album=4&amp;song=1&amp;noselector=1&amp;noautoplay=1\" style=\"width:420px; height:900px; border:0; overflow:hidden;\" scrolling=\"no\"><\/iframe><\/div>\n\n<p>Die St\u00fccke wurden mit Bitwig Studio und Propellerheads Reason auf einem Apple Mac Mini aufgenommen. Dabei kamen u.a. virtuelle Instrumente von Arturia zum Einsatz.<\/p>\n\n<p>Zum Einspielen kam wiederum das Arturia Keylab 88 Keyboard zum Einsatz. Die Wandlung zu MP3 Dateien habe ich mit Audacity vorgenommen und die MP3 Tags mit Picard von MusicBrainz bearbeitet.<\/p>\n\n<p><strong>Hinweis zum Urheberrecht<\/strong><\/p>\n<p>Wie f\u00fcr meine komplette Homepage gilt auch f\u00fcr meine Musik die <a href=\"https:\/\/creativecommons.org\/licenses\/by-nc-nd\/2.0\/de\/\" target=\"cc\" rel=\"noopener noreferrer\">Creative Commons Lizenz cc-by-nc-nd<\/a>. Das bedeutet, dass die Musik privat geh\u00f6rt und kopiert werden darf, solange der Copyright Inhaber korrekt und vollst\u00e4ndig genannt wird. Eine Bearbeitung und kommerzielle Nutzung ist nicht gestattet.<\/p>\n\n\n\n<p><\/p>\n","protected":false},"excerpt":{"rendered":"<p>Einige der 11 St\u00fccke auf dem Album aus dem Jahr 2019 haben bewusst kaum eine Songstruktur, sondern sind eher Soundtrack zu einem imagin\u00e4ren Film. Die St\u00fccke wurden mit Bitwig Studio und Propellerheads Reason auf einem Apple Mac Mini aufgenommen. Dabei kamen u.a. virtuelle Instrumente von Arturia zum Einsatz. Zum Einspielen kam wiederum das Arturia Keylab [&hellip;]<\/p>\n","protected":false},"author":1,"featured_media":0,"parent":3090,"menu_order":50,"comment_status":"closed","ping_status":"closed","template":"","meta":{"footnotes":""},"class_list":["post-3715","page","type-page","status-publish","hentry"],"_links":{"self":[{"href":"https:\/\/www.ollmetzer.com\/index.php?rest_route=\/wp\/v2\/pages\/3715","targetHints":{"allow":["GET"]}}],"collection":[{"href":"https:\/\/www.ollmetzer.com\/index.php?rest_route=\/wp\/v2\/pages"}],"about":[{"href":"https:\/\/www.ollmetzer.com\/index.php?rest_route=\/wp\/v2\/types\/page"}],"author":[{"embeddable":true,"href":"https:\/\/www.ollmetzer.com\/index.php?rest_route=\/wp\/v2\/users\/1"}],"replies":[{"embeddable":true,"href":"https:\/\/www.ollmetzer.com\/index.php?rest_route=%2Fwp%2Fv2%2Fcomments&post=3715"}],"version-history":[{"count":7,"href":"https:\/\/www.ollmetzer.com\/index.php?rest_route=\/wp\/v2\/pages\/3715\/revisions"}],"predecessor-version":[{"id":4408,"href":"https:\/\/www.ollmetzer.com\/index.php?rest_route=\/wp\/v2\/pages\/3715\/revisions\/4408"}],"up":[{"embeddable":true,"href":"https:\/\/www.ollmetzer.com\/index.php?rest_route=\/wp\/v2\/pages\/3090"}],"wp:attachment":[{"href":"https:\/\/www.ollmetzer.com\/index.php?rest_route=%2Fwp%2Fv2%2Fmedia&parent=3715"}],"curies":[{"name":"wp","href":"https:\/\/api.w.org\/{rel}","templated":true}]}}