{"id":4,"date":"2010-05-22T17:47:32","date_gmt":"2010-05-22T15:47:32","guid":{"rendered":"http:\/\/ollmetzer\/?page_id=4"},"modified":"2018-01-03T21:17:04","modified_gmt":"2018-01-03T20:17:04","slug":"referenzen","status":"publish","type":"page","link":"https:\/\/www.ollmetzer.com\/?page_id=4","title":{"rendered":"Referenzen"},"content":{"rendered":"<p>Hier finden Sie eine Auswahl meiner Kunden und abgeschlossenen Projekte f\u00fcr Dritte der letzten Jahre.<\/p>\n<p><strong><a href=\"\/?page_id=1703\">CBR eCommerce<\/a><\/strong><br \/>\nAufbau von Onlineshops f\u00fcr die Bekleidungsmarken Street One, CECIL und OneTouch.<\/p>\n<p><strong><a href=\"\/?page_id=12\">Hanseatic Bank<\/a><\/strong><br \/>\nEntwicklung verschiedener interner Tools und Internetanwendungen<\/p>\n<p><strong><a href=\"\/?page_id=22\">Metaways Infosystems<\/a><\/strong><br \/>\nSenior Web Developer f\u00fcr verschiedene Projekte<\/p>\n<p><strong><a href=\"\/?page_id=13\">Nuon<\/a><\/strong><br \/>\nKonzeption und Entwicklung von Ma\u00dfnahmen f\u00fcr Kundengewinnung und Kundenbindung.<\/p>\n<p><strong><a href=\"\/?page_id=14\">Unicef Deutschland<\/a><\/strong><br \/>\nEntwicklung eines Intranet Prototypen f\u00fcr station\u00e4ren und mobilen  Zugriff.<\/p>\n<p><strong><a href=\"\/?page_id=15\">L&#8217;Oreal<\/a><\/strong><br \/>\nEntwicklungen von Onsite-, Online- und Mobilemarketingma\u00dfnahmen im  Bereich     After Sales Marketing f\u00fcr die Kosmetiklinie Skin Loving Colors von  Biotherm.<\/p>\n<p><strong><a href=\"\/?page_id=16\">Institute of Electronic Business<\/a><\/strong><br \/>\nProgrammierung des studentisches Intranet &#8217;subraum&#8216; f\u00fcr das IEB.<\/p>\n<p><strong><a href=\"\/?page_id=18\">Credit Suisse<\/a><\/strong><br \/>\nRelaunch der Onlinebank Youtrade der Credit Suisse.<\/p>\n<p><strong><a href=\"\/?page_id=19\">Hypovereinsbank<\/a><\/strong><br \/>\nRelaunch und Erg\u00e4nzung des Webauftritts von Activest.<\/p>\n<p><strong><a href=\"\/?page_id=20\">Vontobel<\/a><\/strong><br \/>\nNeubau der Internetbank Y-O-U f\u00fcr die Z\u00fcrcher Privatbank Vontobel.<\/p>\n<p><strong><a href=\"\/?page_id=21\">T-Mobile<\/a><\/strong><br \/>\nPflege und Erweiterung des Onlineshops von T-D1.<\/p>\n","protected":false},"excerpt":{"rendered":"<p>Hier finden Sie eine Auswahl meiner Kunden und abgeschlossenen Projekte f\u00fcr Dritte der letzten Jahre. CBR eCommerce Aufbau von Onlineshops f\u00fcr die Bekleidungsmarken Street One, CECIL und OneTouch. Hanseatic Bank Entwicklung verschiedener interner Tools und Internetanwendungen Metaways Infosystems Senior Web Developer f\u00fcr verschiedene Projekte Nuon Konzeption und Entwicklung von Ma\u00dfnahmen f\u00fcr Kundengewinnung und Kundenbindung. Unicef [&hellip;]<\/p>\n","protected":false},"author":1,"featured_media":0,"parent":0,"menu_order":20,"comment_status":"closed","ping_status":"closed","template":"","meta":{"footnotes":""},"class_list":["post-4","page","type-page","status-publish","hentry"],"_links":{"self":[{"href":"https:\/\/www.ollmetzer.com\/index.php?rest_route=\/wp\/v2\/pages\/4","targetHints":{"allow":["GET"]}}],"collection":[{"href":"https:\/\/www.ollmetzer.com\/index.php?rest_route=\/wp\/v2\/pages"}],"about":[{"href":"https:\/\/www.ollmetzer.com\/index.php?rest_route=\/wp\/v2\/types\/page"}],"author":[{"embeddable":true,"href":"https:\/\/www.ollmetzer.com\/index.php?rest_route=\/wp\/v2\/users\/1"}],"replies":[{"embeddable":true,"href":"https:\/\/www.ollmetzer.com\/index.php?rest_route=%2Fwp%2Fv2%2Fcomments&post=4"}],"version-history":[{"count":3,"href":"https:\/\/www.ollmetzer.com\/index.php?rest_route=\/wp\/v2\/pages\/4\/revisions"}],"predecessor-version":[{"id":3089,"href":"https:\/\/www.ollmetzer.com\/index.php?rest_route=\/wp\/v2\/pages\/4\/revisions\/3089"}],"wp:attachment":[{"href":"https:\/\/www.ollmetzer.com\/index.php?rest_route=%2Fwp%2Fv2%2Fmedia&parent=4"}],"curies":[{"name":"wp","href":"https:\/\/api.w.org\/{rel}","templated":true}]}}