{"id":4404,"date":"2022-04-20T19:17:29","date_gmt":"2022-04-20T17:17:29","guid":{"rendered":"https:\/\/www.ollmetzer.com\/?page_id=4404"},"modified":"2022-04-20T19:17:29","modified_gmt":"2022-04-20T17:17:29","slug":"der-schritt-zurueck","status":"publish","type":"page","link":"https:\/\/www.ollmetzer.com\/?page_id=4404","title":{"rendered":"Der Schritt zur\u00fcck"},"content":{"rendered":"\n<p>Mit dem Album &#8222;Ein Schritt zur\u00fcck&#8220; habe ich in zweifacher Hinsicht Neuland betreten: Es gibt ein \u00fcbergeordnetes Thema und in Anlehnung der &#8222;One Synth Challenge&#8220; ist jeder Song mit nur einem einzigen Instrument aufgemommen.<br><br>Thematisch handelt das Album vom Innehalten und der Reise zu dem eigenen Wurzeln und in die eigene Spiritualit\u00e4t. Die Corona Pandemie mit ihren Lockdowns und Einschr\u00e4nkungen hat viele Menschen &#8211; freiwillig oder gezwungenerma\u00dfen &#8211; dazu gebracht, bisherige Ziele und Lebensplanungen zu hinterfragen. Davon handelt auch dieses Album. Der ungenannte Protagonist bricht von einer Party in einem angesagten mediterranen Club auf und macht sich auf den Weg um die eigenen Wurzeln, die heimischen Gefilde und ihre bisher ignorierte Mystik zu erkunden.<\/p>\n\n\n\n<p><div style=\"text-align:center;\"><iframe src=\"musik\/index.php?album=6&amp;song=1&amp;noselector=1&amp;noautoplay=1\" style=\"width:420px; height:920px; border:0; overflow:hidden;\" scrolling=\"no\"><\/iframe><\/div><\/p>\n\n\n\n<p>Bei der Produktion habe ich mich von der &#8222;One Synth Challenge&#8220; inspirieren lassen, die einge Musiker auf Youtube betreiben. Dabei geht es darum, einen kompletten Song mit nur einem einzigen Instrument aufzunehmen. Idealerweise sind das klassische oder extrem reduzierte Synthesizer. Ich habe dazu die vituellen Varianten klassischer Instrumente aus der Arturia V Collection 8 verwendet. Im Einzelnen sind das:<\/p>\n\n\n\n<p><a href=\"https:\/\/de.wikipedia.org\/wiki\/Synclavier\" target=\"_blank\" rel=\"noreferrer noopener\">NED Synclavier<\/a> auf &#8222;Adios Pro Beach&#8220;<\/p>\n\n\n\n<p><a href=\"https:\/\/de.wikipedia.org\/wiki\/ARP_2600\" target=\"_blank\" rel=\"noreferrer noopener\">ARP 2600<\/a> auf &#8222;Der_R\u00fcckflug&#8220;<\/p>\n\n\n\n<p><a href=\"https:\/\/de.wikipedia.org\/wiki\/Moog_Minimoog\" target=\"_blank\" rel=\"noreferrer noopener\">Mini Moog<\/a> auf &#8222;Berge In Sicht&#8220; und &#8222;Die Ankunft&#8220;<\/p>\n\n\n\n<p><a href=\"https:\/\/en.wikipedia.org\/wiki\/Casio_CZ_synthesizers#CZ-101\" target=\"_blank\" rel=\"noreferrer noopener\">Casio CZ-101<\/a> auf &#8222;Willkommen Wanderer&#8220;<\/p>\n\n\n\n<p><a href=\"https:\/\/de.wikipedia.org\/wiki\/Yamaha_DX7\" target=\"_blank\" rel=\"noreferrer noopener\">Yamaha DX-7<\/a> auf &#8222;Zwischen Elend Und Sorge&#8220;<\/p>\n\n\n\n<p><a href=\"https:\/\/de.wikipedia.org\/wiki\/E-mu_Emulator_II\" target=\"_blank\" rel=\"noreferrer noopener\">Emulator II<\/a> auf &#8222;D\u00e4mmerung&#8220;<\/p>\n\n\n\n<p><a href=\"https:\/\/en.wikipedia.org\/wiki\/Roland_Juno-60\" target=\"_blank\" rel=\"noreferrer noopener\">Roland Juno 60<\/a> auf &#8222;Elementargeister&#8220;<\/p>\n\n\n\n<p><a href=\"https:\/\/en.wikipedia.org\/wiki\/Fairlight_CMI\" target=\"_blank\" rel=\"noreferrer noopener\">Fairlight CMI<\/a> auf &#8222;Tanz Der Fetten Feen&#8220;<\/p>\n\n\n\n<p><a href=\"https:\/\/en.wikipedia.org\/wiki\/Oberheim_OB-Xa\" target=\"_blank\" rel=\"noreferrer noopener\">Oberheim OB-Xa<\/a> auf &#8222;Danke Tom!<\/p>\n\n\n\n<p>Als einziges rein vituelles Instrument ohne klassiches Hardware-Vorbild habe ich den FM-4 von Bitwig f\u00fcr &#8222;Nachts durch den Wald&#8220; verwendet.<br><br>Obwohl die verwendeten Instrumente sowohl preislich, als auch technisch und vom Klangcharakter extrem unterschiedlich sind, hat das Album dennoch einen stimmigen Sound.<\/p>\n\n\n\n<p>Als Digital Audio Workstation kam Bitwig Studio auf einem Apple Mac Mini M1 zum Einsatz. Zum Einspielen kam wiederum das Arturia Keylab 88 Keyboard zum Einsatz. Die Wandlung zu MP3 Dateien habe ich mit Audacity vorgenommen und die MP3 Tags mit Picard von MusicBrainz bearbeitet.<br><br><\/p>\n\n\n\n<p><strong>Hinweis zum Urheberrecht<\/strong><\/p>\n\n\n\n<p>Wie f\u00fcr meine komplette Homepage gilt auch f\u00fcr meine Musik die <a href=\"https:\/\/creativecommons.org\/licenses\/by-nc-nd\/2.0\/de\/\">Creative Commons Lizenz cc-by-nc-nd<\/a>. Das bedeutet, dass die Musik privat geh\u00f6rt und kopiert werden darf, solange der Copyright Inhaber korrekt und vollst\u00e4ndig genannt wird. Eine Bearbeitung und kommerzielle Nutzung ist nicht gestattet.<\/p>\n","protected":false},"excerpt":{"rendered":"<p>Mit dem Album &#8222;Ein Schritt zur\u00fcck&#8220; habe ich in zweifacher Hinsicht Neuland betreten: Es gibt ein \u00fcbergeordnetes Thema und in Anlehnung der &#8222;One Synth Challenge&#8220; ist jeder Song mit nur einem einzigen Instrument aufgemommen. Thematisch handelt das Album vom Innehalten und der Reise zu dem eigenen Wurzeln und in die eigene Spiritualit\u00e4t. Die Corona Pandemie [&hellip;]<\/p>\n","protected":false},"author":1,"featured_media":0,"parent":3090,"menu_order":70,"comment_status":"closed","ping_status":"closed","template":"","meta":{"footnotes":""},"class_list":["post-4404","page","type-page","status-publish","hentry"],"_links":{"self":[{"href":"https:\/\/www.ollmetzer.com\/index.php?rest_route=\/wp\/v2\/pages\/4404","targetHints":{"allow":["GET"]}}],"collection":[{"href":"https:\/\/www.ollmetzer.com\/index.php?rest_route=\/wp\/v2\/pages"}],"about":[{"href":"https:\/\/www.ollmetzer.com\/index.php?rest_route=\/wp\/v2\/types\/page"}],"author":[{"embeddable":true,"href":"https:\/\/www.ollmetzer.com\/index.php?rest_route=\/wp\/v2\/users\/1"}],"replies":[{"embeddable":true,"href":"https:\/\/www.ollmetzer.com\/index.php?rest_route=%2Fwp%2Fv2%2Fcomments&post=4404"}],"version-history":[{"count":4,"href":"https:\/\/www.ollmetzer.com\/index.php?rest_route=\/wp\/v2\/pages\/4404\/revisions"}],"predecessor-version":[{"id":4411,"href":"https:\/\/www.ollmetzer.com\/index.php?rest_route=\/wp\/v2\/pages\/4404\/revisions\/4411"}],"up":[{"embeddable":true,"href":"https:\/\/www.ollmetzer.com\/index.php?rest_route=\/wp\/v2\/pages\/3090"}],"wp:attachment":[{"href":"https:\/\/www.ollmetzer.com\/index.php?rest_route=%2Fwp%2Fv2%2Fmedia&parent=4404"}],"curies":[{"name":"wp","href":"https:\/\/api.w.org\/{rel}","templated":true}]}}