{"id":5,"date":"2010-05-22T17:47:56","date_gmt":"2010-05-22T15:47:56","guid":{"rendered":"http:\/\/www.ollmetzer.com\/?page_id=5"},"modified":"2018-02-10T18:26:44","modified_gmt":"2018-02-10T17:26:44","slug":"uber-mich","status":"publish","type":"page","link":"https:\/\/www.ollmetzer.com\/?page_id=5","title":{"rendered":"\u00dcber mich"},"content":{"rendered":"<p><a rel=\"attachment wp-att-1113\" href=\"http:\/\/www.ollmetzer.com\/?attachment_id=1113\"><img loading=\"lazy\" decoding=\"async\" class=\"aligncenter size-full wp-image-1113\" title=\"dirk_ollmetzer_535\" src=\"http:\/\/www.ollmetzer.com\/wp-content\/uploads\/meta\/dirk_ollmetzer_535.jpg\" alt=\"Dirk Ollmetzer\" width=\"535\" height=\"356\" \/><\/a><\/p>\n<p>Den Titel &#8222;Diplom Designer Electronic Business&#8220;  erwarb ich 2006 mit der Diplomarbeit zum Thema &#8222;Entwicklung eines Mobile  Community Prototypen unter Ber\u00fccksichtigung  des Web 2.0 Paradigma&#8220; an der Universit\u00e4t der  K\u00fcnste Berlin.<\/p>\n<p>Ich bin kein Grafiker, sondern verstehe den Begriff Design (Entwurf,  Gestaltung) ganzheitlich. Ich gestalte Anwendungen f\u00fcr die  computergest\u00fctzte Durchf\u00fchrung von Gesch\u00e4ftsprozessen. Das k\u00f6nnen  Shopsysteme, Bankanwendungen, Dokumenterzeugung und -bearbeitung, aber auch Communities und andere Social Media-Anwendungen sein.<\/p>\n<p><strong>Biographie (Essentials)<\/strong><\/p>\n<p>1967 in Hannover geboren.<\/p>\n<p>1981 Aus Neugier (&#8222;wie funktionieren eigentlich Computerspiele?&#8220;) und Langeweile (&#8222;Lange, heisse Sommerferien&#8220;) begonnen zu programmieren.<\/p>\n<p>1987 Abitur in Hannover und anschliessend Studium &#8222;Stadt- und Regionalplanung&#8220; an der TU Berlin.<\/p>\n<p>1993 &#8211; 1998 Arbeit im B\u00fcro f\u00fcr Architektur, Stadt- und Lanschaftsplanung <em>urbanistica berlin<\/em> Im Bereich CAD und Netzwerkbetreuung.<\/p>\n<p>Seitdem in verschiedensten Konstellationen Softwareentwicklung f\u00fcr Internet und Mobilanwendungen.<\/p>\n","protected":false},"excerpt":{"rendered":"<p>Den Titel &#8222;Diplom Designer Electronic Business&#8220; erwarb ich 2006 mit der Diplomarbeit zum Thema &#8222;Entwicklung eines Mobile Community Prototypen unter Ber\u00fccksichtigung des Web 2.0 Paradigma&#8220; an der Universit\u00e4t der K\u00fcnste Berlin. Ich bin kein Grafiker, sondern verstehe den Begriff Design (Entwurf, Gestaltung) ganzheitlich. Ich gestalte Anwendungen f\u00fcr die computergest\u00fctzte Durchf\u00fchrung von Gesch\u00e4ftsprozessen. Das k\u00f6nnen Shopsysteme, [&hellip;]<\/p>\n","protected":false},"author":1,"featured_media":0,"parent":0,"menu_order":40,"comment_status":"closed","ping_status":"closed","template":"","meta":{"footnotes":""},"class_list":["post-5","page","type-page","status-publish","hentry"],"_links":{"self":[{"href":"https:\/\/www.ollmetzer.com\/index.php?rest_route=\/wp\/v2\/pages\/5","targetHints":{"allow":["GET"]}}],"collection":[{"href":"https:\/\/www.ollmetzer.com\/index.php?rest_route=\/wp\/v2\/pages"}],"about":[{"href":"https:\/\/www.ollmetzer.com\/index.php?rest_route=\/wp\/v2\/types\/page"}],"author":[{"embeddable":true,"href":"https:\/\/www.ollmetzer.com\/index.php?rest_route=\/wp\/v2\/users\/1"}],"replies":[{"embeddable":true,"href":"https:\/\/www.ollmetzer.com\/index.php?rest_route=%2Fwp%2Fv2%2Fcomments&post=5"}],"version-history":[{"count":2,"href":"https:\/\/www.ollmetzer.com\/index.php?rest_route=\/wp\/v2\/pages\/5\/revisions"}],"predecessor-version":[{"id":1110,"href":"https:\/\/www.ollmetzer.com\/index.php?rest_route=\/wp\/v2\/pages\/5\/revisions\/1110"}],"wp:attachment":[{"href":"https:\/\/www.ollmetzer.com\/index.php?rest_route=%2Fwp%2Fv2%2Fmedia&parent=5"}],"curies":[{"name":"wp","href":"https:\/\/api.w.org\/{rel}","templated":true}]}}