{"id":5576,"date":"2026-04-23T20:16:28","date_gmt":"2026-04-23T18:16:28","guid":{"rendered":"https:\/\/www.ollmetzer.com\/?page_id=5576"},"modified":"2026-04-23T20:37:14","modified_gmt":"2026-04-23T18:37:14","slug":"tyranny-of-the-moralists","status":"publish","type":"page","link":"https:\/\/www.ollmetzer.com\/?page_id=5576","title":{"rendered":"Tyranny Of The Moralists"},"content":{"rendered":"\n<p>Ausl\u00f6ser f\u00fcr dieses Album war der \u00c4rger dar\u00fcber, dass sich seit den 2010er Jahren in vielen etablierten Medien eine bestimmte Art von moralisierendem Haltungsjournalismus breit gemacht hatte. Wobei mich noch nicht mal so sehr die politische Richtung st\u00f6rte, sondern die anma\u00dfende Haltung dahinter. Ich wollte in Publikationen, die f\u00fcr saubere Recherche standen einfach keine \u00dcberschriften lesen, die mit &#8222;H\u00f6rt endlich auf&#8230;&#8220; anfingen.<\/p>\n\n\n\n<p>Zun\u00e4chst hielt ich das noch f\u00fcr Ausrutscher von \u00fcbereifrigen Jungredakteuren aber als ich dann las, dass junge Journalisten ernsthaft sagten, dass die &#8222;richtige politische Haltung&#8220; wichtiger sei, als journalistische Sorgfalt reichte es mir. <\/p>\n\n\n\n<p><em>&#8222;Wenn Du so denkst, dann hab gef\u00e4lligst den Arsch in der Hose dich Propagandist zu nennen, anstatt so zu tun, als w\u00e4rst Du seri\u00f6ser Journalist&#8220;.<\/em><\/p>\n\n\n\n<p><div style=\"text-align:center;\"><iframe src=\"musik\/index.php?album=8&amp;song=1&amp;noselector=1&amp;noautoplay=1\" style=\"width:420px; height:920px; border:0; overflow:hidden;\" scrolling=\"no\"><\/iframe><\/div><\/p>\n\n\n\n<p>Erg\u00e4nzend m\u00f6chte ich noch hinzuf\u00fcgen, dass mir von rechten Schwurbel- und L\u00fcgen &#8222;Journalismus&#8220; mindestens ebenso schlecht wird. In der Zwischenzeit sind dann auch noch die von Algorithmen gesteuerte Themenwahl und von KI geschrieben Texte dazugekommen, die das letzte Bisschen seri\u00f6sen Journalismus zerst\u00f6ren.<\/p>\n\n\n\n<p><strong>Hinweis zum Urheberrecht<\/strong><\/p>\n\n\n\n<p>Wie f\u00fcr meine komplette Homepage gilt auch f\u00fcr meine Musik die <a href=\"https:\/\/creativecommons.org\/licenses\/by-nc-nd\/2.0\/de\/\">Creative Commons Lizenz cc-by-nc-nd<\/a>. Das bedeutet, dass die Musik privat geh\u00f6rt und kopiert werden darf, solange der Copyright Inhaber korrekt und vollst\u00e4ndig genannt wird. Eine Bearbeitung und kommerzielle Nutzung ist nicht gestattet.<\/p>\n\n\n\n<p><\/p>\n","protected":false},"excerpt":{"rendered":"<p>Ausl\u00f6ser f\u00fcr dieses Album war der \u00c4rger dar\u00fcber, dass sich seit den 2010er Jahren in vielen etablierten Medien eine bestimmte Art von moralisierendem Haltungsjournalismus breit gemacht hatte. Wobei mich noch nicht mal so sehr die politische Richtung st\u00f6rte, sondern die anma\u00dfende Haltung dahinter. Ich wollte in Publikationen, die f\u00fcr saubere Recherche standen einfach keine \u00dcberschriften [&hellip;]<\/p>\n","protected":false},"author":1,"featured_media":0,"parent":3090,"menu_order":80,"comment_status":"closed","ping_status":"closed","template":"","meta":{"footnotes":""},"class_list":["post-5576","page","type-page","status-publish","hentry"],"_links":{"self":[{"href":"https:\/\/www.ollmetzer.com\/index.php?rest_route=\/wp\/v2\/pages\/5576","targetHints":{"allow":["GET"]}}],"collection":[{"href":"https:\/\/www.ollmetzer.com\/index.php?rest_route=\/wp\/v2\/pages"}],"about":[{"href":"https:\/\/www.ollmetzer.com\/index.php?rest_route=\/wp\/v2\/types\/page"}],"author":[{"embeddable":true,"href":"https:\/\/www.ollmetzer.com\/index.php?rest_route=\/wp\/v2\/users\/1"}],"replies":[{"embeddable":true,"href":"https:\/\/www.ollmetzer.com\/index.php?rest_route=%2Fwp%2Fv2%2Fcomments&post=5576"}],"version-history":[{"count":4,"href":"https:\/\/www.ollmetzer.com\/index.php?rest_route=\/wp\/v2\/pages\/5576\/revisions"}],"predecessor-version":[{"id":5580,"href":"https:\/\/www.ollmetzer.com\/index.php?rest_route=\/wp\/v2\/pages\/5576\/revisions\/5580"}],"up":[{"embeddable":true,"href":"https:\/\/www.ollmetzer.com\/index.php?rest_route=\/wp\/v2\/pages\/3090"}],"wp:attachment":[{"href":"https:\/\/www.ollmetzer.com\/index.php?rest_route=%2Fwp%2Fv2%2Fmedia&parent=5576"}],"curies":[{"name":"wp","href":"https:\/\/api.w.org\/{rel}","templated":true}]}}