{"id":6,"date":"2010-05-22T17:48:53","date_gmt":"2010-05-22T15:48:53","guid":{"rendered":"http:\/\/ollmetzer\/?page_id=6"},"modified":"2019-10-05T14:01:14","modified_gmt":"2019-10-05T12:01:14","slug":"zzap","status":"publish","type":"page","link":"https:\/\/www.ollmetzer.com\/?page_id=6","title":{"rendered":"zzap"},"content":{"rendered":"<p><strong>Zeitraum<\/strong><br \/>\n2006 &#8211; 2008<\/p>\n<p><strong>Projekt<\/strong><br \/>\nzzap war eine mobile community Software, die Statusinformationen von Freunden, wie z.B Ort, Stimmung und kurze Statements verf\u00fcgbar macht und weiterleitet. Der Dienst basiert auf kurzen Textnachrichten, die mit hinterlegten Daten, wie Bildern und Standortinformationen verkn\u00fcpft werden. Der Dienst verf\u00fcgt \u00fcber mehrere Kan\u00e4le: Web, Mobile, SMS, E-Mail und Widgets. Eine Einbindung in Blogs und Twitter wurde 2008 hinzugef\u00fcgt.<\/p>\n<p>Die Software entstand auf der theoretischen Grundlage meiner Diplomarbeit<\/p>\n<p><strong>Umsetzung<\/strong><br \/>\nDie Anwendung wurde in PHP programmiert und nutzt MySQL als Datenbank. Es wurde ein eigenes schlankes MVC Framework verwendet, das Mehrsprachigkeit und automatische Endger\u00e4teerkennung mit mehreren Ausgabekan\u00e4len unterst\u00fctzt.<\/p>\n<p><strong>Screenshots<\/strong><\/p>\n<div id=\"attachment_1044\" style=\"width: 410px\" class=\"wp-caption aligncenter\"><a href=\"http:\/\/www.ollmetzer.com\/?attachment_id=1044\" rel=\"attachment wp-att-1044\"><img loading=\"lazy\" decoding=\"async\" aria-describedby=\"caption-attachment-1044\" class=\"size-full wp-image-1044\" title=\"web_start\" src=\"http:\/\/www.ollmetzer.com\/wp-content\/uploads\/projekte\/zzap\/web_start.gif\" alt=\"zzap Homepage\" width=\"400\" height=\"390\" \/><\/a><p id=\"caption-attachment-1044\" class=\"wp-caption-text\">zzap Startseite<\/p><\/div>\n<div id=\"attachment_1042\" style=\"width: 410px\" class=\"wp-caption aligncenter\"><a href=\"http:\/\/www.ollmetzer.com\/?attachment_id=1042\" rel=\"attachment wp-att-1042\"><img loading=\"lazy\" decoding=\"async\" aria-describedby=\"caption-attachment-1042\" class=\"size-full wp-image-1042\" title=\"web_profil\" src=\"http:\/\/www.ollmetzer.com\/wp-content\/uploads\/projekte\/zzap\/web_profil.gif\" alt=\"zzap Web Profil\" width=\"400\" height=\"390\" \/><\/a><p id=\"caption-attachment-1042\" class=\"wp-caption-text\">zzap Profilseite<\/p><\/div>\n<div id=\"attachment_1043\" style=\"width: 410px\" class=\"wp-caption aligncenter\"><a href=\"http:\/\/www.ollmetzer.com\/?attachment_id=1043\" rel=\"attachment wp-att-1043\"><img loading=\"lazy\" decoding=\"async\" aria-describedby=\"caption-attachment-1043\" class=\"size-full wp-image-1043\" title=\"web_spot\" src=\"http:\/\/www.ollmetzer.com\/wp-content\/uploads\/projekte\/zzap\/web_spot.gif\" alt=\"zzap Web Spot\" width=\"400\" height=\"390\" \/><\/a><p id=\"caption-attachment-1043\" class=\"wp-caption-text\">zzap Lokalisierung<\/p><\/div>\n<div id=\"attachment_1041\" style=\"width: 206px\" class=\"wp-caption aligncenter\"><a href=\"http:\/\/www.ollmetzer.com\/?attachment_id=1041\" rel=\"attachment wp-att-1041\"><img loading=\"lazy\" decoding=\"async\" aria-describedby=\"caption-attachment-1041\" class=\"size-full wp-image-1041\" title=\"wap_summary\" src=\"http:\/\/www.ollmetzer.com\/wp-content\/uploads\/projekte\/zzap\/wap_summary.gif\" alt=\"zzap WAP Summary\" width=\"196\" height=\"280\" \/><\/a><p id=\"caption-attachment-1041\" class=\"wp-caption-text\">zzap Handy &#8211; Zusammenfassung<\/p><\/div>\n<div id=\"attachment_1039\" style=\"width: 206px\" class=\"wp-caption aligncenter\"><a href=\"http:\/\/www.ollmetzer.com\/?attachment_id=1039\" rel=\"attachment wp-att-1039\"><img loading=\"lazy\" decoding=\"async\" aria-describedby=\"caption-attachment-1039\" class=\"size-full wp-image-1039\" title=\"wap_profil\" src=\"http:\/\/www.ollmetzer.com\/wp-content\/uploads\/projekte\/zzap\/wap_profil.gif\" alt=\"zzap WAP Profil\" width=\"196\" height=\"280\" \/><\/a><p id=\"caption-attachment-1039\" class=\"wp-caption-text\">zzap Handy &#8211; Profil<\/p><\/div>\n<div id=\"attachment_1040\" style=\"width: 206px\" class=\"wp-caption aligncenter\"><a href=\"http:\/\/www.ollmetzer.com\/?attachment_id=1040\" rel=\"attachment wp-att-1040\"><img loading=\"lazy\" decoding=\"async\" aria-describedby=\"caption-attachment-1040\" class=\"size-full wp-image-1040\" title=\"wap_spot\" src=\"http:\/\/www.ollmetzer.com\/wp-content\/uploads\/projekte\/zzap\/wap_spot.gif\" alt=\"zzap WAP Spot\" width=\"196\" height=\"280\" \/><\/a><p id=\"caption-attachment-1040\" class=\"wp-caption-text\">zzap Handy &#8211; Lokalisierung<\/p><\/div>\n","protected":false},"excerpt":{"rendered":"<p>Zeitraum 2006 &#8211; 2008 Projekt zzap war eine mobile community Software, die Statusinformationen von Freunden, wie z.B Ort, Stimmung und kurze Statements verf\u00fcgbar macht und weiterleitet. Der Dienst basiert auf kurzen Textnachrichten, die mit hinterlegten Daten, wie Bildern und Standortinformationen verkn\u00fcpft werden. Der Dienst verf\u00fcgt \u00fcber mehrere Kan\u00e4le: Web, Mobile, SMS, E-Mail und Widgets. Eine [&hellip;]<\/p>\n","protected":false},"author":1,"featured_media":0,"parent":3,"menu_order":10,"comment_status":"closed","ping_status":"closed","template":"","meta":{"footnotes":""},"class_list":["post-6","page","type-page","status-publish","hentry"],"_links":{"self":[{"href":"https:\/\/www.ollmetzer.com\/index.php?rest_route=\/wp\/v2\/pages\/6","targetHints":{"allow":["GET"]}}],"collection":[{"href":"https:\/\/www.ollmetzer.com\/index.php?rest_route=\/wp\/v2\/pages"}],"about":[{"href":"https:\/\/www.ollmetzer.com\/index.php?rest_route=\/wp\/v2\/types\/page"}],"author":[{"embeddable":true,"href":"https:\/\/www.ollmetzer.com\/index.php?rest_route=\/wp\/v2\/users\/1"}],"replies":[{"embeddable":true,"href":"https:\/\/www.ollmetzer.com\/index.php?rest_route=%2Fwp%2Fv2%2Fcomments&post=6"}],"version-history":[{"count":1,"href":"https:\/\/www.ollmetzer.com\/index.php?rest_route=\/wp\/v2\/pages\/6\/revisions"}],"predecessor-version":[{"id":3737,"href":"https:\/\/www.ollmetzer.com\/index.php?rest_route=\/wp\/v2\/pages\/6\/revisions\/3737"}],"up":[{"embeddable":true,"href":"https:\/\/www.ollmetzer.com\/index.php?rest_route=\/wp\/v2\/pages\/3"}],"wp:attachment":[{"href":"https:\/\/www.ollmetzer.com\/index.php?rest_route=%2Fwp%2Fv2%2Fmedia&parent=6"}],"curies":[{"name":"wp","href":"https:\/\/api.w.org\/{rel}","templated":true}]}}