{"id":8,"date":"2010-05-22T17:49:28","date_gmt":"2010-05-22T15:49:28","guid":{"rendered":"http:\/\/ollmetzer\/?page_id=8"},"modified":"2010-06-23T12:08:56","modified_gmt":"2010-06-23T10:08:56","slug":"diplomarbeit","status":"publish","type":"page","link":"https:\/\/www.ollmetzer.com\/?page_id=8","title":{"rendered":"Diplomarbeit"},"content":{"rendered":"<p>Die Diplomarbeit, die ich im Dezember 2006 am <a href=\"http:\/\/www.ieb.net\/\" target=\"ieb\">Institute of Electronic Business<\/a> an der <a href=\"http:\/\/www.udk-berlin.de\/\" target=\"udk\">Universit\u00e4t der  K\u00fcnste Berlin<\/a> abgab, tr\u00e4gt den Titel<\/p>\n<blockquote><p>&#8222;Entwicklung eines Mobile  Community Prototypen unter Ber\u00fccksichtigung des Web 2.0 Paradigma&#8220;.<\/p><\/blockquote>\n<p>Die Arbeit kann hier heruntergeladen werden: <a href=\"\/data\/diplomarbeit.pdf\">Diplomarbeit<\/a> (PDF, ca. 1MB)<\/p>\n","protected":false},"excerpt":{"rendered":"<p>Die Diplomarbeit, die ich im Dezember 2006 am Institute of Electronic Business an der Universit\u00e4t der K\u00fcnste Berlin abgab, tr\u00e4gt den Titel &#8222;Entwicklung eines Mobile Community Prototypen unter Ber\u00fccksichtigung des Web 2.0 Paradigma&#8220;. Die Arbeit kann hier heruntergeladen werden: Diplomarbeit (PDF, ca. 1MB)<\/p>\n","protected":false},"author":1,"featured_media":0,"parent":3,"menu_order":30,"comment_status":"closed","ping_status":"closed","template":"","meta":{"footnotes":""},"class_list":["post-8","page","type-page","status-publish","hentry"],"_links":{"self":[{"href":"https:\/\/www.ollmetzer.com\/index.php?rest_route=\/wp\/v2\/pages\/8","targetHints":{"allow":["GET"]}}],"collection":[{"href":"https:\/\/www.ollmetzer.com\/index.php?rest_route=\/wp\/v2\/pages"}],"about":[{"href":"https:\/\/www.ollmetzer.com\/index.php?rest_route=\/wp\/v2\/types\/page"}],"author":[{"embeddable":true,"href":"https:\/\/www.ollmetzer.com\/index.php?rest_route=\/wp\/v2\/users\/1"}],"replies":[{"embeddable":true,"href":"https:\/\/www.ollmetzer.com\/index.php?rest_route=%2Fwp%2Fv2%2Fcomments&post=8"}],"version-history":[{"count":0,"href":"https:\/\/www.ollmetzer.com\/index.php?rest_route=\/wp\/v2\/pages\/8\/revisions"}],"up":[{"embeddable":true,"href":"https:\/\/www.ollmetzer.com\/index.php?rest_route=\/wp\/v2\/pages\/3"}],"wp:attachment":[{"href":"https:\/\/www.ollmetzer.com\/index.php?rest_route=%2Fwp%2Fv2%2Fmedia&parent=8"}],"curies":[{"name":"wp","href":"https:\/\/api.w.org\/{rel}","templated":true}]}}